{"id":191,"date":"2019-12-10T15:34:22","date_gmt":"2019-12-10T15:34:22","guid":{"rendered":"https:\/\/bridge297.qodeinteractive.com\/?page_id=191"},"modified":"2023-07-13T04:06:59","modified_gmt":"2023-07-13T04:06:59","slug":"nosotros","status":"publish","type":"page","link":"http:\/\/curtidosromo.com\/en\/nosotros","title":{"rendered":"ABOUT US"},"content":{"rendered":"<div data-elementor-type=\"wp-page\" data-elementor-id=\"191\" class=\"elementor elementor-191\">\n\t\t\t\t\t\t<section class=\"elementor-section elementor-top-section elementor-element elementor-element-edb4434 elementor-section-height-min-height elementor-section-boxed elementor-section-height-default elementor-section-items-middle parallax_section_no qode_elementor_container_no\" data-id=\"edb4434\" data-element_type=\"section\" data-e-type=\"section\">\n\t\t\t\t\t\t<div class=\"elementor-container elementor-column-gap-default\">\n\t\t\t\t\t<div class=\"elementor-column elementor-col-33 elementor-top-column elementor-element elementor-element-7a3be67\" data-id=\"7a3be67\" data-element_type=\"column\" data-e-type=\"column\">\n\t\t\t<div class=\"elementor-widget-wrap elementor-element-populated\">\n\t\t\t\t\t\t<div class=\"elementor-element elementor-element-8aa2a81 elementor-widget elementor-widget-image\" data-id=\"8aa2a81\" data-element_type=\"widget\" data-e-type=\"widget\" data-widget_type=\"image.default\">\n\t\t\t\t<div class=\"elementor-widget-container\">\n\t\t\t\t\t\t\t\t\t\t\t\t\t\t\t<img fetchpriority=\"high\" decoding=\"async\" width=\"1024\" height=\"1024\" src=\"http:\/\/curtidosromo.com\/wp-content\/uploads\/2022\/08\/218c29bb-8bd9-4391-b15c-80fda8d9d3b7-1024x1024.jpg\" class=\"attachment-large size-large wp-image-490\" alt=\"\" srcset=\"http:\/\/curtidosromo.com\/wp-content\/uploads\/2022\/08\/218c29bb-8bd9-4391-b15c-80fda8d9d3b7-1024x1024.jpg 1024w, http:\/\/curtidosromo.com\/wp-content\/uploads\/2022\/08\/218c29bb-8bd9-4391-b15c-80fda8d9d3b7-300x300.jpg 300w, http:\/\/curtidosromo.com\/wp-content\/uploads\/2022\/08\/218c29bb-8bd9-4391-b15c-80fda8d9d3b7-150x150.jpg 150w, http:\/\/curtidosromo.com\/wp-content\/uploads\/2022\/08\/218c29bb-8bd9-4391-b15c-80fda8d9d3b7-768x768.jpg 768w, http:\/\/curtidosromo.com\/wp-content\/uploads\/2022\/08\/218c29bb-8bd9-4391-b15c-80fda8d9d3b7-570x570.jpg 570w, http:\/\/curtidosromo.com\/wp-content\/uploads\/2022\/08\/218c29bb-8bd9-4391-b15c-80fda8d9d3b7-500x500.jpg 500w, http:\/\/curtidosromo.com\/wp-content\/uploads\/2022\/08\/218c29bb-8bd9-4391-b15c-80fda8d9d3b7-1000x1000.jpg 1000w, http:\/\/curtidosromo.com\/wp-content\/uploads\/2022\/08\/218c29bb-8bd9-4391-b15c-80fda8d9d3b7-700x700.jpg 700w, http:\/\/curtidosromo.com\/wp-content\/uploads\/2022\/08\/218c29bb-8bd9-4391-b15c-80fda8d9d3b7-650x650.jpg 650w, http:\/\/curtidosromo.com\/wp-content\/uploads\/2022\/08\/218c29bb-8bd9-4391-b15c-80fda8d9d3b7.jpg 1280w\" sizes=\"(max-width: 1024px) 100vw, 1024px\" \/>\t\t\t\t\t\t\t\t\t\t\t\t\t\t\t<\/div>\n\t\t\t\t<\/div>\n\t\t\t\t\t<\/div>\n\t\t<\/div>\n\t\t\t\t<div class=\"elementor-column elementor-col-33 elementor-top-column elementor-element elementor-element-3c33555\" data-id=\"3c33555\" data-element_type=\"column\" data-e-type=\"column\">\n\t\t\t<div class=\"elementor-widget-wrap elementor-element-populated\">\n\t\t\t\t\t\t<div class=\"elementor-element elementor-element-c420b9a elementor-widget elementor-widget-text-editor\" data-id=\"c420b9a\" data-element_type=\"widget\" data-e-type=\"widget\" data-widget_type=\"text-editor.default\">\n\t\t\t\t<div class=\"elementor-widget-container\">\n\t\t\t\t\t\t\t\t\t<p>CURTIDOS ROMO<\/p>\t\t\t\t\t\t\t\t<\/div>\n\t\t\t\t<\/div>\n\t\t\t\t<div class=\"elementor-element elementor-element-8ed2a67 elementor-widget elementor-widget-text-editor\" data-id=\"8ed2a67\" data-element_type=\"widget\" data-e-type=\"widget\" data-widget_type=\"text-editor.default\">\n\t\t\t\t<div class=\"elementor-widget-container\">\n\t\t\t\t\t\t\t\t\t<h1>60 years of experience<\/h1>\t\t\t\t\t\t\t\t<\/div>\n\t\t\t\t<\/div>\n\t\t\t\t<div class=\"elementor-element elementor-element-fdf8bee elementor-widget elementor-widget-text-editor\" data-id=\"fdf8bee\" data-element_type=\"widget\" data-e-type=\"widget\" data-widget_type=\"text-editor.default\">\n\t\t\t\t<div class=\"elementor-widget-container\">\n\t\t\t\t\t\t\t\t\t<p>Curtidos Romo is a family-owned company with a tanning tradition that we are proud to be a part of, started over 60 years ago by Mr. Daniel Romo Romo.<\/p><p>\u00a0<\/p><p>Currently, we are the third generation and we continue with the same enthusiasm to achieve a high-quality final product that sets us apart from the competition, as we constantly strive for improvement.<\/p>\t\t\t\t\t\t\t\t<\/div>\n\t\t\t\t<\/div>\n\t\t\t\t\t<\/div>\n\t\t<\/div>\n\t\t\t\t<div class=\"elementor-column elementor-col-33 elementor-top-column elementor-element elementor-element-b4ea261\" data-id=\"b4ea261\" data-element_type=\"column\" data-e-type=\"column\">\n\t\t\t<div class=\"elementor-widget-wrap elementor-element-populated\">\n\t\t\t\t\t\t<div class=\"elementor-element elementor-element-eec18f3 elementor-widget elementor-widget-text-editor\" data-id=\"eec18f3\" data-element_type=\"widget\" data-e-type=\"widget\" data-widget_type=\"text-editor.default\">\n\t\t\t\t<div class=\"elementor-widget-container\">\n\t\t\t\t\t\t\t\t\t<p>We are a tannery specialized in working with cowhide in gauges ranging from 0.9mm to 6mm. We adapt to any concept and design that the client requires.<\/p><p>\u00a0<\/p><p>We have expertise in top-quality white leather, crazys, nobucks, smooth full-grain, as well as leather for boots and leather goods.<\/p>\t\t\t\t\t\t\t\t<\/div>\n\t\t\t\t<\/div>\n\t\t\t\t<div class=\"elementor-element elementor-element-674b7f8 elementor-widget elementor-widget-image\" data-id=\"674b7f8\" data-element_type=\"widget\" data-e-type=\"widget\" data-widget_type=\"image.default\">\n\t\t\t\t<div class=\"elementor-widget-container\">\n\t\t\t\t\t\t\t\t\t\t\t\t\t\t\t<img decoding=\"async\" width=\"212\" height=\"131\" src=\"http:\/\/curtidosromo.com\/wp-content\/uploads\/2019\/12\/p1-img-01.png\" class=\"attachment-full size-full wp-image-176\" alt=\"a\" \/>\t\t\t\t\t\t\t\t\t\t\t\t\t\t\t<\/div>\n\t\t\t\t<\/div>\n\t\t\t\t\t<\/div>\n\t\t<\/div>\n\t\t\t\t\t<\/div>\n\t\t<\/section>\n\t\t\t\t<section class=\"elementor-section elementor-top-section elementor-element elementor-element-ae04d16 elementor-section-boxed elementor-section-height-default elementor-section-height-default parallax_section_no qode_elementor_container_no\" data-id=\"ae04d16\" data-element_type=\"section\" data-e-type=\"section\">\n\t\t\t\t\t\t<div class=\"elementor-container elementor-column-gap-default\">\n\t\t\t\t\t<div class=\"elementor-column elementor-col-100 elementor-top-column elementor-element elementor-element-1a7f271\" data-id=\"1a7f271\" data-element_type=\"column\" data-e-type=\"column\">\n\t\t\t<div class=\"elementor-widget-wrap elementor-element-populated\">\n\t\t\t\t\t\t<div class=\"elementor-element elementor-element-40023a8 elementor-widget elementor-widget-spacer\" data-id=\"40023a8\" data-element_type=\"widget\" data-e-type=\"widget\" data-widget_type=\"spacer.default\">\n\t\t\t\t<div class=\"elementor-widget-container\">\n\t\t\t\t\t\t\t<div class=\"elementor-spacer\">\n\t\t\t<div class=\"elementor-spacer-inner\"><\/div>\n\t\t<\/div>\n\t\t\t\t\t\t<\/div>\n\t\t\t\t<\/div>\n\t\t\t\t\t<\/div>\n\t\t<\/div>\n\t\t\t\t\t<\/div>\n\t\t<\/section>\n\t\t\t\t<section class=\"elementor-section elementor-top-section elementor-element elementor-element-752f090 qode_elementor_container_inner elementor-section-boxed elementor-section-height-default elementor-section-height-default parallax_section_no\" data-id=\"752f090\" data-element_type=\"section\" data-e-type=\"section\">\n\t\t\t\t\t\t<div class=\"elementor-container elementor-column-gap-default\">\n\t\t\t\t\t<div class=\"elementor-column elementor-col-100 elementor-top-column elementor-element elementor-element-a866d3f\" data-id=\"a866d3f\" data-element_type=\"column\" data-e-type=\"column\">\n\t\t\t<div class=\"elementor-widget-wrap elementor-element-populated\">\n\t\t\t\t\t\t<div class=\"elementor-element elementor-element-960ce46 elementor-widget elementor-widget-bridge_image_gallery\" data-id=\"960ce46\" data-element_type=\"widget\" data-e-type=\"widget\" data-widget_type=\"bridge_image_gallery.default\">\n\t\t\t\t<div class=\"elementor-widget-container\">\n\t\t\t\t\t<div class=\"qode-image-gallery\"><div class=\"qode-image-gallery-inner\"><div class=\"qode-image-gallery-slides drag_enabled flexslider_slide flexslider\" data-interval=\"3\" data-flex_fx=\"slide\"data-direction=\"true\"data-drag=\"true\"><ul class=\"slides\"><li><img decoding=\"async\" src=\"http:\/\/curtidosromo.com\/wp-content\/uploads\/2022\/10\/4-1300x491.jpg\" alt=\"\" width=\"1300\" height=\"491\" \/><\/li><li><img loading=\"lazy\" decoding=\"async\" src=\"http:\/\/curtidosromo.com\/wp-content\/uploads\/2022\/10\/3-1300x491.jpg\" alt=\"\" width=\"1300\" height=\"491\" \/><\/li><li><img loading=\"lazy\" decoding=\"async\" src=\"http:\/\/curtidosromo.com\/wp-content\/uploads\/2022\/10\/2-1-1300x491.jpg\" alt=\"\" width=\"1300\" height=\"491\" \/><\/li><\/div><\/div><\/div>\t\t\t\t<\/div>\n\t\t\t\t<\/div>\n\t\t\t\t\t<\/div>\n\t\t<\/div>\n\t\t\t\t\t<\/div>\n\t\t<\/section>\n\t\t\t\t<section class=\"elementor-section elementor-top-section elementor-element elementor-element-451e924 elementor-section-boxed elementor-section-height-default elementor-section-height-default parallax_section_no qode_elementor_container_no\" data-id=\"451e924\" data-element_type=\"section\" data-e-type=\"section\">\n\t\t\t\t\t\t<div class=\"elementor-container elementor-column-gap-default\">\n\t\t\t\t\t<div class=\"elementor-column elementor-col-33 elementor-top-column elementor-element elementor-element-689b4bf\" data-id=\"689b4bf\" data-element_type=\"column\" data-e-type=\"column\">\n\t\t\t<div class=\"elementor-widget-wrap\">\n\t\t\t\t\t\t\t<\/div>\n\t\t<\/div>\n\t\t\t\t<div class=\"elementor-column elementor-col-33 elementor-top-column elementor-element elementor-element-7727746a\" data-id=\"7727746a\" data-element_type=\"column\" data-e-type=\"column\">\n\t\t\t<div class=\"elementor-widget-wrap elementor-element-populated\">\n\t\t\t\t\t\t<div class=\"elementor-element elementor-element-492a9bf4 elementor-invisible elementor-widget elementor-widget-text-editor\" data-id=\"492a9bf4\" data-element_type=\"widget\" data-e-type=\"widget\" data-settings=\"{&quot;_animation&quot;:&quot;fadeIn&quot;}\" data-widget_type=\"text-editor.default\">\n\t\t\t\t<div class=\"elementor-widget-container\">\n\t\t\t\t\t\t\t\t\t<h3>CERTIFICACIONES<\/h3>\t\t\t\t\t\t\t\t<\/div>\n\t\t\t\t<\/div>\n\t\t\t\t\t<\/div>\n\t\t<\/div>\n\t\t\t\t<div class=\"elementor-column elementor-col-33 elementor-top-column elementor-element elementor-element-d3c458f\" data-id=\"d3c458f\" data-element_type=\"column\" data-e-type=\"column\">\n\t\t\t<div class=\"elementor-widget-wrap\">\n\t\t\t\t\t\t\t<\/div>\n\t\t<\/div>\n\t\t\t\t\t<\/div>\n\t\t<\/section>\n\t\t\t\t<section class=\"elementor-section elementor-top-section elementor-element elementor-element-84abf54 elementor-section-boxed elementor-section-height-default elementor-section-height-default parallax_section_no qode_elementor_container_no\" data-id=\"84abf54\" data-element_type=\"section\" data-e-type=\"section\">\n\t\t\t\t\t\t<div class=\"elementor-container elementor-column-gap-default\">\n\t\t\t\t\t<div class=\"elementor-column elementor-col-33 elementor-top-column elementor-element elementor-element-a30beb5\" data-id=\"a30beb5\" data-element_type=\"column\" data-e-type=\"column\">\n\t\t\t<div class=\"elementor-widget-wrap elementor-element-populated\">\n\t\t\t\t\t\t<div class=\"elementor-element elementor-element-72e8ed6 elementor-invisible elementor-widget elementor-widget-image\" data-id=\"72e8ed6\" data-element_type=\"widget\" data-e-type=\"widget\" data-settings=\"{&quot;_animation&quot;:&quot;fadeInLeft&quot;}\" data-widget_type=\"image.default\">\n\t\t\t\t<div class=\"elementor-widget-container\">\n\t\t\t\t\t\t\t\t\t\t\t\t\t\t\t<img loading=\"lazy\" decoding=\"async\" width=\"200\" height=\"150\" src=\"http:\/\/curtidosromo.com\/wp-content\/uploads\/2022\/11\/4C.png\" class=\"attachment-large size-large wp-image-1313\" alt=\"\" srcset=\"http:\/\/curtidosromo.com\/wp-content\/uploads\/2022\/11\/4C.png 200w, http:\/\/curtidosromo.com\/wp-content\/uploads\/2022\/11\/4C-16x12.png 16w\" sizes=\"(max-width: 200px) 100vw, 200px\" \/>\t\t\t\t\t\t\t\t\t\t\t\t\t\t\t<\/div>\n\t\t\t\t<\/div>\n\t\t\t\t\t<\/div>\n\t\t<\/div>\n\t\t\t\t<div class=\"elementor-column elementor-col-33 elementor-top-column elementor-element elementor-element-28792d1\" data-id=\"28792d1\" data-element_type=\"column\" data-e-type=\"column\">\n\t\t\t<div class=\"elementor-widget-wrap elementor-element-populated\">\n\t\t\t\t\t\t<div class=\"elementor-element elementor-element-fa62dbb elementor-invisible elementor-widget elementor-widget-image\" data-id=\"fa62dbb\" data-element_type=\"widget\" data-e-type=\"widget\" data-settings=\"{&quot;_animation&quot;:&quot;fadeInUp&quot;}\" data-widget_type=\"image.default\">\n\t\t\t\t<div class=\"elementor-widget-container\">\n\t\t\t\t\t\t\t\t\t\t\t\t\t\t\t<img loading=\"lazy\" decoding=\"async\" width=\"200\" height=\"150\" src=\"http:\/\/curtidosromo.com\/wp-content\/uploads\/2022\/11\/1c.png\" class=\"attachment-large size-large wp-image-1311\" alt=\"\" srcset=\"http:\/\/curtidosromo.com\/wp-content\/uploads\/2022\/11\/1c.png 200w, http:\/\/curtidosromo.com\/wp-content\/uploads\/2022\/11\/1c-16x12.png 16w\" sizes=\"(max-width: 200px) 100vw, 200px\" \/>\t\t\t\t\t\t\t\t\t\t\t\t\t\t\t<\/div>\n\t\t\t\t<\/div>\n\t\t\t\t\t<\/div>\n\t\t<\/div>\n\t\t\t\t<div class=\"elementor-column elementor-col-33 elementor-top-column elementor-element elementor-element-bb5f7f8\" data-id=\"bb5f7f8\" data-element_type=\"column\" data-e-type=\"column\">\n\t\t\t<div class=\"elementor-widget-wrap elementor-element-populated\">\n\t\t\t\t\t\t<div class=\"elementor-element elementor-element-7607f16 elementor-invisible elementor-widget elementor-widget-image\" data-id=\"7607f16\" data-element_type=\"widget\" data-e-type=\"widget\" data-settings=\"{&quot;_animation&quot;:&quot;fadeInRight&quot;}\" data-widget_type=\"image.default\">\n\t\t\t\t<div class=\"elementor-widget-container\">\n\t\t\t\t\t\t\t\t\t\t\t\t\t\t\t<img loading=\"lazy\" decoding=\"async\" width=\"200\" height=\"150\" src=\"http:\/\/curtidosromo.com\/wp-content\/uploads\/2022\/11\/2c.png\" class=\"attachment-large size-large wp-image-1310\" alt=\"\" srcset=\"http:\/\/curtidosromo.com\/wp-content\/uploads\/2022\/11\/2c.png 200w, http:\/\/curtidosromo.com\/wp-content\/uploads\/2022\/11\/2c-16x12.png 16w\" sizes=\"(max-width: 200px) 100vw, 200px\" \/>\t\t\t\t\t\t\t\t\t\t\t\t\t\t\t<\/div>\n\t\t\t\t<\/div>\n\t\t\t\t\t<\/div>\n\t\t<\/div>\n\t\t\t\t\t<\/div>\n\t\t<\/section>\n\t\t\t\t<section class=\"elementor-section elementor-top-section elementor-element elementor-element-e03955b elementor-section-boxed elementor-section-height-default elementor-section-height-default parallax_section_no qode_elementor_container_no\" data-id=\"e03955b\" data-element_type=\"section\" data-e-type=\"section\">\n\t\t\t\t\t\t<div class=\"elementor-container elementor-column-gap-default\">\n\t\t\t\t\t<div class=\"elementor-column elementor-col-100 elementor-top-column elementor-element elementor-element-a4c7100\" data-id=\"a4c7100\" data-element_type=\"column\" data-e-type=\"column\">\n\t\t\t<div class=\"elementor-widget-wrap elementor-element-populated\">\n\t\t\t\t\t\t<div class=\"elementor-element elementor-element-3e84812 elementor-widget elementor-widget-spacer\" data-id=\"3e84812\" data-element_type=\"widget\" data-e-type=\"widget\" data-widget_type=\"spacer.default\">\n\t\t\t\t<div class=\"elementor-widget-container\">\n\t\t\t\t\t\t\t<div class=\"elementor-spacer\">\n\t\t\t<div class=\"elementor-spacer-inner\"><\/div>\n\t\t<\/div>\n\t\t\t\t\t\t<\/div>\n\t\t\t\t<\/div>\n\t\t\t\t\t<\/div>\n\t\t<\/div>\n\t\t\t\t\t<\/div>\n\t\t<\/section>\n\t\t\t\t<\/div>","protected":false},"excerpt":{"rendered":"<p>CURTIDOS ROMO 60 a\u00f1os de experiencia Curtidos Romo es una empresa familiar con tradici\u00f3n curtidora de la cual estamos orgullosos de formar parte, iniciada hace m\u00e1s de 60 a\u00f1os por el Sr. Daniel Romo Romo. \u00a0 Actualmente somos la tercer generaci\u00f3n y continuamos con el&#8230;<\/p>","protected":false},"author":1,"featured_media":0,"parent":0,"menu_order":0,"comment_status":"closed","ping_status":"closed","template":"","meta":{"footnotes":""},"class_list":["post-191","page","type-page","status-publish","hentry"],"_links":{"self":[{"href":"http:\/\/curtidosromo.com\/en\/wp-json\/wp\/v2\/pages\/191","targetHints":{"allow":["GET"]}}],"collection":[{"href":"http:\/\/curtidosromo.com\/en\/wp-json\/wp\/v2\/pages"}],"about":[{"href":"http:\/\/curtidosromo.com\/en\/wp-json\/wp\/v2\/types\/page"}],"author":[{"embeddable":true,"href":"http:\/\/curtidosromo.com\/en\/wp-json\/wp\/v2\/users\/1"}],"replies":[{"embeddable":true,"href":"http:\/\/curtidosromo.com\/en\/wp-json\/wp\/v2\/comments?post=191"}],"version-history":[{"count":39,"href":"http:\/\/curtidosromo.com\/en\/wp-json\/wp\/v2\/pages\/191\/revisions"}],"predecessor-version":[{"id":1582,"href":"http:\/\/curtidosromo.com\/en\/wp-json\/wp\/v2\/pages\/191\/revisions\/1582"}],"wp:attachment":[{"href":"http:\/\/curtidosromo.com\/en\/wp-json\/wp\/v2\/media?parent=191"}],"curies":[{"name":"wp","href":"https:\/\/api.w.org\/{rel}","templated":true}]}}